{"id":67,"date":"2025-04-07T13:41:21","date_gmt":"2025-04-07T13:41:21","guid":{"rendered":"https:\/\/www.psykiatriroskilde.dk\/?page_id=67"},"modified":"2025-04-07T13:59:44","modified_gmt":"2025-04-07T13:59:44","slug":"terese-knudstorp-cv","status":"publish","type":"page","link":"https:\/\/www.psykiatriroskilde.dk\/index.php\/terese-knudstorp-cv\/","title":{"rendered":"Terese Knudstorp CV"},"content":{"rendered":"\t\t<div data-elementor-type=\"wp-page\" data-elementor-id=\"67\" class=\"elementor elementor-67\" data-elementor-post-type=\"page\">\n\t\t\t\t<div class=\"elementor-element elementor-element-838c8a3 e-flex e-con-boxed e-con e-parent\" data-id=\"838c8a3\" data-element_type=\"container\" data-e-type=\"container\">\n\t\t\t\t\t<div class=\"e-con-inner\">\n\t\t\t\t<div class=\"elementor-element elementor-element-4a4cc2a elementor-widget elementor-widget-spacer\" data-id=\"4a4cc2a\" data-element_type=\"widget\" data-e-type=\"widget\" data-widget_type=\"spacer.default\">\n\t\t\t\t<div class=\"elementor-widget-container\">\n\t\t\t\t\t\t\t<div class=\"elementor-spacer\">\n\t\t\t<div class=\"elementor-spacer-inner\"><\/div>\n\t\t<\/div>\n\t\t\t\t\t\t<\/div>\n\t\t\t\t<\/div>\n\t\t\t\t<div class=\"elementor-element elementor-element-f2ec2e7 elementor-widget elementor-widget-heading\" data-id=\"f2ec2e7\" data-element_type=\"widget\" data-e-type=\"widget\" data-widget_type=\"heading.default\">\n\t\t\t\t<div class=\"elementor-widget-container\">\n\t\t\t\t\t<h2 class=\"elementor-heading-title elementor-size-default\">Terese Knudstorp CV<\/h2>\t\t\t\t<\/div>\n\t\t\t\t<\/div>\n\t\t\t\t\t<\/div>\n\t\t\t\t<\/div>\n\t\t<div class=\"elementor-element elementor-element-73e8339 e-flex e-con-boxed e-con e-parent\" data-id=\"73e8339\" data-element_type=\"container\" data-e-type=\"container\">\n\t\t\t\t\t<div class=\"e-con-inner\">\n\t\t\t\t<div class=\"elementor-element elementor-element-0ddc906 elementor-widget elementor-widget-image\" data-id=\"0ddc906\" data-element_type=\"widget\" data-e-type=\"widget\" data-widget_type=\"image.default\">\n\t\t\t\t<div class=\"elementor-widget-container\">\n\t\t\t\t\t\t\t\t\t\t\t\t\t\t\t<img decoding=\"async\" width=\"150\" height=\"150\" src=\"https:\/\/www.psykiatriroskilde.dk\/wp-content\/uploads\/2025\/04\/Billede3-150x150.jpg\" class=\"attachment-thumbnail size-thumbnail wp-image-102\" alt=\"\" \/>\t\t\t\t\t\t\t\t\t\t\t\t\t\t\t<\/div>\n\t\t\t\t<\/div>\n\t\t\t\t\t<\/div>\n\t\t\t\t<\/div>\n\t\t<div class=\"elementor-element elementor-element-e518b08 e-flex e-con-boxed e-con e-parent\" data-id=\"e518b08\" data-element_type=\"container\" data-e-type=\"container\">\n\t\t\t\t\t<div class=\"e-con-inner\">\n\t\t\t\t<div class=\"elementor-element elementor-element-f2e9d93 elementor-widget elementor-widget-text-editor\" data-id=\"f2e9d93\" data-element_type=\"widget\" data-e-type=\"widget\" data-widget_type=\"text-editor.default\">\n\t\t\t\t<div class=\"elementor-widget-container\">\n\t\t\t\t\t\t\t\t\t<p><b>CURRICULUM VITAE<\/b><br \/><br \/><b>Uddannelse:<\/b><br \/>Uddannet l\u00e6ge fra K\u00f8benhavns Universitet sommer 1992.<br \/>Speciall\u00e6ge i psykiatri sommer 2003.<br \/><br \/><b>Terapi:<\/b><br \/>Terapeutisk uddannet indenfor psykodynamisk terapi, kognitiv terapi samt compassion-fokuseret terapi.<br \/><br \/>Sidstn\u00e6vnte er en tilgang til at behandle en r\u00e6kke psykiske problemer, som ofte er relateret til selvkritik og f\u00f8lelser af skam og skyld. Compassion-fokuseret terapi har til form\u00e5l at frembringe f\u00f8lelser af tilfredshed, sikkerhed, tryghed og tilknytning og hj\u00e6lpe med at opn\u00e5 f\u00f8lelsesm\u00e6ssig balance og velv\u00e6re. Denne tilgang kan hj\u00e6lpe os til dels at h\u00e5ndtere de udfordringer, vi st\u00e5r overfor i livet, dels vores s\u00e5rbarhed overfor negative f\u00f8lelser s\u00e5som vrede, angst og v\u00e6mmelse.<br \/><br \/><b>Tidligere arbejde:<\/b><br \/>Jeg har arbejdet p\u00e5 diverse psykiatriske afdelinger b\u00e5de i Region Sj\u00e6lland samt i Region Hovedstaden.<br \/>I 10 \u00e5r har jeg superviseret og r\u00e5dgivet praktiserende l\u00e6ger i Region Sj\u00e6lland mht. behandling af ikke-psykotiske lidelser s\u00e5som angst, depression, belastninger, adhd mm.<br \/>Jeg har fortsat supervisionsopgaver for kommuner og praktiserende l\u00e6ger.<br \/>Min klinik er deltid kun \u00e5bent f\u00e5 dage pr. uge.<\/p>\t\t\t\t\t\t\t\t<\/div>\n\t\t\t\t<\/div>\n\t\t\t\t\t<\/div>\n\t\t\t\t<\/div>\n\t\t\t\t<\/div>\n\t\t","protected":false},"excerpt":{"rendered":"<p>Terese Knudstorp CV CURRICULUM VITAE Uddannelse:Uddannet l\u00e6ge fra K\u00f8benhavns Universitet sommer 1992.Speciall\u00e6ge i psykiatri sommer 2003. Terapi:Terapeutisk uddannet indenfor psykodynamisk terapi, kognitiv terapi samt compassion-fokuseret terapi. Sidstn\u00e6vnte er en tilgang til at behandle en r\u00e6kke psykiske problemer, som ofte er relateret til selvkritik og f\u00f8lelser af skam og skyld. Compassion-fokuseret terapi har til form\u00e5l at [&hellip;]<\/p>\n","protected":false},"author":1,"featured_media":0,"parent":0,"menu_order":0,"comment_status":"closed","ping_status":"closed","template":"","meta":{"footnotes":""},"class_list":["post-67","page","type-page","status-publish","hentry"],"yoast_head":"<!-- This site is optimized with the Yoast SEO plugin v27.6 - https:\/\/yoast.com\/product\/yoast-seo-wordpress\/ -->\n<title>Terese Knudstorp CV - Psykiatri Roskilde<\/title>\n<meta name=\"description\" content=\"Psykiater Terese Knudstorp, Psykiatri Roskilede\" \/>\n<meta name=\"robots\" content=\"index, follow, max-snippet:-1, max-image-preview:large, max-video-preview:-1\" \/>\n<link rel=\"canonical\" href=\"https:\/\/www.psykiatriroskilde.dk\/index.php\/terese-knudstorp-cv\/\" \/>\n<meta property=\"og:locale\" content=\"da_DK\" \/>\n<meta property=\"og:type\" content=\"article\" \/>\n<meta property=\"og:title\" content=\"Terese Knudstorp CV - Psykiatri Roskilde\" \/>\n<meta property=\"og:description\" content=\"Psykiater Terese Knudstorp, Psykiatri Roskilede\" \/>\n<meta property=\"og:url\" content=\"https:\/\/www.psykiatriroskilde.dk\/index.php\/terese-knudstorp-cv\/\" \/>\n<meta property=\"og:site_name\" content=\"Psykiatri Roskilde\" \/>\n<meta property=\"article:modified_time\" content=\"2025-04-07T13:59:44+00:00\" \/>\n<meta property=\"og:image\" content=\"https:\/\/www.psykiatriroskilde.dk\/wp-content\/uploads\/2025\/04\/Billede3.jpg\" \/>\n\t<meta property=\"og:image:width\" content=\"389\" \/>\n\t<meta property=\"og:image:height\" content=\"382\" \/>\n\t<meta property=\"og:image:type\" content=\"image\/jpeg\" \/>\n<meta name=\"twitter:card\" content=\"summary_large_image\" \/>\n<meta name=\"twitter:label1\" content=\"Estimeret l\u00e6setid\" \/>\n\t<meta name=\"twitter:data1\" content=\"1 minut\" \/>\n<script type=\"application\/ld+json\" class=\"yoast-schema-graph\">{\"@context\":\"https:\\\/\\\/schema.org\",\"@graph\":[{\"@type\":\"WebPage\",\"@id\":\"https:\\\/\\\/www.psykiatriroskilde.dk\\\/index.php\\\/terese-knudstorp-cv\\\/\",\"url\":\"https:\\\/\\\/www.psykiatriroskilde.dk\\\/index.php\\\/terese-knudstorp-cv\\\/\",\"name\":\"Terese Knudstorp CV - Psykiatri Roskilde\",\"isPartOf\":{\"@id\":\"https:\\\/\\\/www.psykiatriroskilde.dk\\\/#website\"},\"primaryImageOfPage\":{\"@id\":\"https:\\\/\\\/www.psykiatriroskilde.dk\\\/index.php\\\/terese-knudstorp-cv\\\/#primaryimage\"},\"image\":{\"@id\":\"https:\\\/\\\/www.psykiatriroskilde.dk\\\/index.php\\\/terese-knudstorp-cv\\\/#primaryimage\"},\"thumbnailUrl\":\"https:\\\/\\\/www.psykiatriroskilde.dk\\\/wp-content\\\/uploads\\\/2025\\\/04\\\/Billede3-150x150.jpg\",\"datePublished\":\"2025-04-07T13:41:21+00:00\",\"dateModified\":\"2025-04-07T13:59:44+00:00\",\"description\":\"Psykiater Terese Knudstorp, Psykiatri Roskilede\",\"breadcrumb\":{\"@id\":\"https:\\\/\\\/www.psykiatriroskilde.dk\\\/index.php\\\/terese-knudstorp-cv\\\/#breadcrumb\"},\"inLanguage\":\"da-DK\",\"potentialAction\":[{\"@type\":\"ReadAction\",\"target\":[\"https:\\\/\\\/www.psykiatriroskilde.dk\\\/index.php\\\/terese-knudstorp-cv\\\/\"]}]},{\"@type\":\"ImageObject\",\"inLanguage\":\"da-DK\",\"@id\":\"https:\\\/\\\/www.psykiatriroskilde.dk\\\/index.php\\\/terese-knudstorp-cv\\\/#primaryimage\",\"url\":\"https:\\\/\\\/www.psykiatriroskilde.dk\\\/wp-content\\\/uploads\\\/2025\\\/04\\\/Billede3.jpg\",\"contentUrl\":\"https:\\\/\\\/www.psykiatriroskilde.dk\\\/wp-content\\\/uploads\\\/2025\\\/04\\\/Billede3.jpg\",\"width\":389,\"height\":382},{\"@type\":\"BreadcrumbList\",\"@id\":\"https:\\\/\\\/www.psykiatriroskilde.dk\\\/index.php\\\/terese-knudstorp-cv\\\/#breadcrumb\",\"itemListElement\":[{\"@type\":\"ListItem\",\"position\":1,\"name\":\"Hjem\",\"item\":\"https:\\\/\\\/www.psykiatriroskilde.dk\\\/\"},{\"@type\":\"ListItem\",\"position\":2,\"name\":\"Terese Knudstorp CV\"}]},{\"@type\":\"WebSite\",\"@id\":\"https:\\\/\\\/www.psykiatriroskilde.dk\\\/#website\",\"url\":\"https:\\\/\\\/www.psykiatriroskilde.dk\\\/\",\"name\":\"Psykiatri Roskilde\",\"description\":\"\",\"publisher\":{\"@id\":\"https:\\\/\\\/www.psykiatriroskilde.dk\\\/#organization\"},\"potentialAction\":[{\"@type\":\"SearchAction\",\"target\":{\"@type\":\"EntryPoint\",\"urlTemplate\":\"https:\\\/\\\/www.psykiatriroskilde.dk\\\/?s={search_term_string}\"},\"query-input\":{\"@type\":\"PropertyValueSpecification\",\"valueRequired\":true,\"valueName\":\"search_term_string\"}}],\"inLanguage\":\"da-DK\"},{\"@type\":\"Organization\",\"@id\":\"https:\\\/\\\/www.psykiatriroskilde.dk\\\/#organization\",\"name\":\"Psykiatri Roskilde\",\"url\":\"https:\\\/\\\/www.psykiatriroskilde.dk\\\/\",\"logo\":{\"@type\":\"ImageObject\",\"inLanguage\":\"da-DK\",\"@id\":\"https:\\\/\\\/www.psykiatriroskilde.dk\\\/#\\\/schema\\\/logo\\\/image\\\/\",\"url\":\"https:\\\/\\\/www.psykiatriroskilde.dk\\\/wp-content\\\/uploads\\\/2026\\\/05\\\/terese-knudstorp-3-e1777971251319.png\",\"contentUrl\":\"https:\\\/\\\/www.psykiatriroskilde.dk\\\/wp-content\\\/uploads\\\/2026\\\/05\\\/terese-knudstorp-3-e1777971251319.png\",\"width\":150,\"height\":150,\"caption\":\"Psykiatri Roskilde\"},\"image\":{\"@id\":\"https:\\\/\\\/www.psykiatriroskilde.dk\\\/#\\\/schema\\\/logo\\\/image\\\/\"}}]}<\/script>\n<!-- \/ Yoast SEO plugin. -->","yoast_head_json":{"title":"Terese Knudstorp CV - Psykiatri Roskilde","description":"Psykiater Terese Knudstorp, Psykiatri Roskilede","robots":{"index":"index","follow":"follow","max-snippet":"max-snippet:-1","max-image-preview":"max-image-preview:large","max-video-preview":"max-video-preview:-1"},"canonical":"https:\/\/www.psykiatriroskilde.dk\/index.php\/terese-knudstorp-cv\/","og_locale":"da_DK","og_type":"article","og_title":"Terese Knudstorp CV - Psykiatri Roskilde","og_description":"Psykiater Terese Knudstorp, Psykiatri Roskilede","og_url":"https:\/\/www.psykiatriroskilde.dk\/index.php\/terese-knudstorp-cv\/","og_site_name":"Psykiatri Roskilde","article_modified_time":"2025-04-07T13:59:44+00:00","og_image":[{"width":389,"height":382,"url":"https:\/\/www.psykiatriroskilde.dk\/wp-content\/uploads\/2025\/04\/Billede3.jpg","type":"image\/jpeg"}],"twitter_card":"summary_large_image","twitter_misc":{"Estimeret l\u00e6setid":"1 minut"},"schema":{"@context":"https:\/\/schema.org","@graph":[{"@type":"WebPage","@id":"https:\/\/www.psykiatriroskilde.dk\/index.php\/terese-knudstorp-cv\/","url":"https:\/\/www.psykiatriroskilde.dk\/index.php\/terese-knudstorp-cv\/","name":"Terese Knudstorp CV - Psykiatri Roskilde","isPartOf":{"@id":"https:\/\/www.psykiatriroskilde.dk\/#website"},"primaryImageOfPage":{"@id":"https:\/\/www.psykiatriroskilde.dk\/index.php\/terese-knudstorp-cv\/#primaryimage"},"image":{"@id":"https:\/\/www.psykiatriroskilde.dk\/index.php\/terese-knudstorp-cv\/#primaryimage"},"thumbnailUrl":"https:\/\/www.psykiatriroskilde.dk\/wp-content\/uploads\/2025\/04\/Billede3-150x150.jpg","datePublished":"2025-04-07T13:41:21+00:00","dateModified":"2025-04-07T13:59:44+00:00","description":"Psykiater Terese Knudstorp, Psykiatri Roskilede","breadcrumb":{"@id":"https:\/\/www.psykiatriroskilde.dk\/index.php\/terese-knudstorp-cv\/#breadcrumb"},"inLanguage":"da-DK","potentialAction":[{"@type":"ReadAction","target":["https:\/\/www.psykiatriroskilde.dk\/index.php\/terese-knudstorp-cv\/"]}]},{"@type":"ImageObject","inLanguage":"da-DK","@id":"https:\/\/www.psykiatriroskilde.dk\/index.php\/terese-knudstorp-cv\/#primaryimage","url":"https:\/\/www.psykiatriroskilde.dk\/wp-content\/uploads\/2025\/04\/Billede3.jpg","contentUrl":"https:\/\/www.psykiatriroskilde.dk\/wp-content\/uploads\/2025\/04\/Billede3.jpg","width":389,"height":382},{"@type":"BreadcrumbList","@id":"https:\/\/www.psykiatriroskilde.dk\/index.php\/terese-knudstorp-cv\/#breadcrumb","itemListElement":[{"@type":"ListItem","position":1,"name":"Hjem","item":"https:\/\/www.psykiatriroskilde.dk\/"},{"@type":"ListItem","position":2,"name":"Terese Knudstorp CV"}]},{"@type":"WebSite","@id":"https:\/\/www.psykiatriroskilde.dk\/#website","url":"https:\/\/www.psykiatriroskilde.dk\/","name":"Psykiatri Roskilde","description":"","publisher":{"@id":"https:\/\/www.psykiatriroskilde.dk\/#organization"},"potentialAction":[{"@type":"SearchAction","target":{"@type":"EntryPoint","urlTemplate":"https:\/\/www.psykiatriroskilde.dk\/?s={search_term_string}"},"query-input":{"@type":"PropertyValueSpecification","valueRequired":true,"valueName":"search_term_string"}}],"inLanguage":"da-DK"},{"@type":"Organization","@id":"https:\/\/www.psykiatriroskilde.dk\/#organization","name":"Psykiatri Roskilde","url":"https:\/\/www.psykiatriroskilde.dk\/","logo":{"@type":"ImageObject","inLanguage":"da-DK","@id":"https:\/\/www.psykiatriroskilde.dk\/#\/schema\/logo\/image\/","url":"https:\/\/www.psykiatriroskilde.dk\/wp-content\/uploads\/2026\/05\/terese-knudstorp-3-e1777971251319.png","contentUrl":"https:\/\/www.psykiatriroskilde.dk\/wp-content\/uploads\/2026\/05\/terese-knudstorp-3-e1777971251319.png","width":150,"height":150,"caption":"Psykiatri Roskilde"},"image":{"@id":"https:\/\/www.psykiatriroskilde.dk\/#\/schema\/logo\/image\/"}}]}},"_links":{"self":[{"href":"https:\/\/www.psykiatriroskilde.dk\/index.php\/wp-json\/wp\/v2\/pages\/67","targetHints":{"allow":["GET"]}}],"collection":[{"href":"https:\/\/www.psykiatriroskilde.dk\/index.php\/wp-json\/wp\/v2\/pages"}],"about":[{"href":"https:\/\/www.psykiatriroskilde.dk\/index.php\/wp-json\/wp\/v2\/types\/page"}],"author":[{"embeddable":true,"href":"https:\/\/www.psykiatriroskilde.dk\/index.php\/wp-json\/wp\/v2\/users\/1"}],"replies":[{"embeddable":true,"href":"https:\/\/www.psykiatriroskilde.dk\/index.php\/wp-json\/wp\/v2\/comments?post=67"}],"version-history":[{"count":4,"href":"https:\/\/www.psykiatriroskilde.dk\/index.php\/wp-json\/wp\/v2\/pages\/67\/revisions"}],"predecessor-version":[{"id":105,"href":"https:\/\/www.psykiatriroskilde.dk\/index.php\/wp-json\/wp\/v2\/pages\/67\/revisions\/105"}],"wp:attachment":[{"href":"https:\/\/www.psykiatriroskilde.dk\/index.php\/wp-json\/wp\/v2\/media?parent=67"}],"curies":[{"name":"wp","href":"https:\/\/api.w.org\/{rel}","templated":true}]}}